{"id":1421,"date":"2025-04-07T11:58:29","date_gmt":"2025-04-07T09:58:29","guid":{"rendered":"https:\/\/www.biogastechnology.pl\/?page_id=1421"},"modified":"2025-04-08T13:36:15","modified_gmt":"2025-04-08T11:36:15","slug":"nawozy-organiczne-i-polepszacze-gleby","status":"publish","type":"page","link":"https:\/\/www.biogastechnology.pl\/en\/nawozy-organiczne-i-polepszacze-gleby\/","title":{"rendered":"Organic fertilizers and soil improvers"},"content":{"rendered":"<div data-elementor-type=\"wp-page\" data-elementor-id=\"1421\" class=\"elementor elementor-1421\" data-elementor-post-type=\"page\">\n\t\t\t\t\t\t<section class=\"elementor-section elementor-top-section elementor-element elementor-element-4400edb9 elementor-section-height-min-height elementor-section-boxed elementor-section-height-default elementor-section-items-middle\" data-id=\"4400edb9\" data-element_type=\"section\" data-settings=\"{&quot;background_background&quot;:&quot;classic&quot;}\">\n\t\t\t\t\t\t\t<div class=\"elementor-background-overlay\"><\/div>\n\t\t\t\t\t\t\t<div class=\"elementor-container elementor-column-gap-default\">\n\t\t\t\t\t<div class=\"elementor-column elementor-col-100 elementor-top-column elementor-element elementor-element-40c1dd85\" data-id=\"40c1dd85\" data-element_type=\"column\">\n\t\t\t<div class=\"elementor-widget-wrap elementor-element-populated\">\n\t\t\t\t\t\t<div class=\"elementor-element elementor-element-7a61e5d3 elementor-widget elementor-widget-breadcrumbs\" data-id=\"7a61e5d3\" data-element_type=\"widget\" data-widget_type=\"breadcrumbs.default\">\n\t\t\t\t<div class=\"elementor-widget-container\">\n\t\t\t\t\t<nav id=\"breadcrumbs\"><span><span><a href=\"https:\/\/www.biogastechnology.pl\/en\/\">Home<\/a><\/span><\/span><\/nav>\t\t\t\t<\/div>\n\t\t\t\t<\/div>\n\t\t\t\t<div class=\"elementor-element elementor-element-63c7b5cf elementor-widget elementor-widget-heading\" data-id=\"63c7b5cf\" data-element_type=\"widget\" data-widget_type=\"heading.default\">\n\t\t\t\t<div class=\"elementor-widget-container\">\n\t\t\t\t\t<h2 class=\"elementor-heading-title elementor-size-default\">Organic fertilizers and soil improvers\n\n<\/h2>\t\t\t\t<\/div>\n\t\t\t\t<\/div>\n\t\t\t\t<div class=\"elementor-element elementor-element-713ac2b8 elementor-widget-divider--view-line elementor-widget elementor-widget-divider\" data-id=\"713ac2b8\" data-element_type=\"widget\" data-widget_type=\"divider.default\">\n\t\t\t\t<div class=\"elementor-widget-container\">\n\t\t\t\t\t\t\t<div class=\"elementor-divider\">\n\t\t\t<span class=\"elementor-divider-separator\">\n\t\t\t\t\t\t<\/span>\n\t\t<\/div>\n\t\t\t\t\t\t<\/div>\n\t\t\t\t<\/div>\n\t\t\t\t<div class=\"elementor-element elementor-element-32fc9de1 elementor-widget elementor-widget-text-editor\" data-id=\"32fc9de1\" data-element_type=\"widget\" data-widget_type=\"text-editor.default\">\n\t\t\t\t<div class=\"elementor-widget-container\">\n\t\t\t\t\t\t\t\t\t<p>We obtain permits for the introduction of fertilizers and soil improvers to the market, fertilizer certification (CE) and permits for waste processing using the R10 method<\/p>\t\t\t\t\t\t\t\t<\/div>\n\t\t\t\t<\/div>\n\t\t\t\t\t<\/div>\n\t\t<\/div>\n\t\t\t\t\t<\/div>\n\t\t<\/section>\n\t\t\t\t<section class=\"elementor-section elementor-top-section elementor-element elementor-element-32162b3c elementor-section-height-min-height elementor-section-boxed elementor-section-height-default elementor-section-items-middle\" data-id=\"32162b3c\" data-element_type=\"section\" data-settings=\"{&quot;background_background&quot;:&quot;classic&quot;}\">\n\t\t\t\t\t\t\t<div class=\"elementor-background-overlay\"><\/div>\n\t\t\t\t\t\t\t<div class=\"elementor-container elementor-column-gap-default\">\n\t\t\t\t\t<div class=\"elementor-column elementor-col-50 elementor-top-column elementor-element elementor-element-3354e3ce\" data-id=\"3354e3ce\" data-element_type=\"column\">\n\t\t\t<div class=\"elementor-widget-wrap elementor-element-populated\">\n\t\t\t\t\t\t<div class=\"elementor-element elementor-element-11f7707f elementor-widget elementor-widget-text-editor\" data-id=\"11f7707f\" data-element_type=\"widget\" data-widget_type=\"text-editor.default\">\n\t\t\t\t<div class=\"elementor-widget-container\">\n\t\t\t\t\t\t\t\t\t<p>Our services in the field of organic fertilizers and soil improvers and the use of digestate, compost and sewage sludge<\/p><ul><li aria-level=\"1\">Permission to introduce digestate from agricultural and municipal biogas\/biomethane plants into circulation<\/li><li aria-level=\"1\">Permission to introduce digestate from agricultural and municipal biogas\/biomethane plants into circulation<\/li><li aria-level=\"1\">Veterinary Approvals<\/li><li aria-level=\"1\">Approval of means of transport<\/li><li aria-level=\"1\">Preparation of the HACCP system for biogas\/biomethane plants<\/li><li aria-level=\"1\">Preparation of the HACCP system for the composting plant<\/li><\/ul>\t\t\t\t\t\t\t\t<\/div>\n\t\t\t\t<\/div>\n\t\t\t\t\t<\/div>\n\t\t<\/div>\n\t\t\t\t<div class=\"elementor-column elementor-col-50 elementor-top-column elementor-element elementor-element-3c83b853\" data-id=\"3c83b853\" data-element_type=\"column\">\n\t\t\t<div class=\"elementor-widget-wrap\">\n\t\t\t\t\t\t\t<\/div>\n\t\t<\/div>\n\t\t\t\t\t<\/div>\n\t\t<\/section>\n\t\t\t\t<\/div>","protected":false},"excerpt":{"rendered":"<p>Nawozy organiczne i polepszacze gleby Uzyskujemy pozwolenia na wprowadzanie do obrotu nawoz\u00f3w i polepszaczy glebowych, certyfikacj\u0119 nawozow\u0105 (CE) oraz pozwolenia na przetwarzanie odpad\u00f3w metod\u0105 R10 Nasze us\u0142ugi w zakresie nawoz\u00f3w organicznych i polepszaczy gleby oraz stosowania pofermentu, kompostu i osad\u00f3w \u015bciekowych Pozwolenie na wprowadzenie do obrotu pofermentu z biogazowni\/biometanowni rolniczej i komunalnej Pozwolenie na wprowadzenie&#8230;<\/p>","protected":false},"author":1,"featured_media":0,"parent":0,"menu_order":0,"comment_status":"closed","ping_status":"closed","template":"","meta":{"_acf_changed":false,"_kad_post_transparent":"default","_kad_post_title":"hide","_kad_post_layout":"fullwidth","_kad_post_sidebar_id":"","_kad_post_content_style":"unboxed","_kad_post_vertical_padding":"hide","_kad_post_feature":"hide","_kad_post_feature_position":"","_kad_post_header":false,"_kad_post_footer":false,"footnotes":""},"class_list":["post-1421","page","type-page","status-publish","hentry"],"acf":[],"yoast_head":"<!-- This site is optimized with the Yoast SEO plugin v25.3.1 - https:\/\/yoast.com\/wordpress\/plugins\/seo\/ -->\n<title>Nawozy organiczne i polepszacze gleby - Biogas Technology<\/title>\n<meta name=\"robots\" content=\"index, follow, max-snippet:-1, max-image-preview:large, max-video-preview:-1\" \/>\n<link rel=\"canonical\" href=\"https:\/\/www.biogastechnology.pl\/en\/nawozy-organiczne-i-polepszacze-gleby\/\" \/>\n<meta property=\"og:locale\" content=\"en_GB\" \/>\n<meta property=\"og:type\" content=\"article\" \/>\n<meta property=\"og:title\" content=\"Nawozy organiczne i polepszacze gleby - Biogas Technology\" \/>\n<meta property=\"og:description\" content=\"Nawozy organiczne i polepszacze gleby Uzyskujemy pozwolenia na wprowadzanie do obrotu nawoz\u00f3w i polepszaczy glebowych, certyfikacj\u0119 nawozow\u0105 (CE) oraz pozwolenia na przetwarzanie odpad\u00f3w metod\u0105 R10 Nasze us\u0142ugi w zakresie nawoz\u00f3w organicznych i polepszaczy gleby oraz stosowania pofermentu, kompostu i osad\u00f3w \u015bciekowych Pozwolenie na wprowadzenie do obrotu pofermentu z biogazowni\/biometanowni rolniczej i komunalnej Pozwolenie na wprowadzenie...\" \/>\n<meta property=\"og:url\" content=\"https:\/\/www.biogastechnology.pl\/en\/nawozy-organiczne-i-polepszacze-gleby\/\" \/>\n<meta property=\"og:site_name\" content=\"Biogas Technology\" \/>\n<meta property=\"article:modified_time\" content=\"2025-04-08T11:36:15+00:00\" \/>\n<meta name=\"twitter:card\" content=\"summary_large_image\" \/>\n<meta name=\"twitter:label1\" content=\"Estimated reading time\" \/>\n\t<meta name=\"twitter:data1\" content=\"2 minutes\" \/>\n<script type=\"application\/ld+json\" class=\"yoast-schema-graph\">{\"@context\":\"https:\/\/schema.org\",\"@graph\":[{\"@type\":\"WebPage\",\"@id\":\"https:\/\/www.biogastechnology.pl\/nawozy-organiczne-i-polepszacze-gleby\/\",\"url\":\"https:\/\/www.biogastechnology.pl\/nawozy-organiczne-i-polepszacze-gleby\/\",\"name\":\"Nawozy organiczne i polepszacze gleby - Biogas Technology\",\"isPartOf\":{\"@id\":\"https:\/\/www.biogastechnology.pl\/#website\"},\"datePublished\":\"2025-04-07T09:58:29+00:00\",\"dateModified\":\"2025-04-08T11:36:15+00:00\",\"breadcrumb\":{\"@id\":\"https:\/\/www.biogastechnology.pl\/nawozy-organiczne-i-polepszacze-gleby\/#breadcrumb\"},\"inLanguage\":\"en-GB\",\"potentialAction\":[{\"@type\":\"ReadAction\",\"target\":[\"https:\/\/www.biogastechnology.pl\/nawozy-organiczne-i-polepszacze-gleby\/\"]}]},{\"@type\":\"BreadcrumbList\",\"@id\":\"https:\/\/www.biogastechnology.pl\/nawozy-organiczne-i-polepszacze-gleby\/#breadcrumb\",\"itemListElement\":[{\"@type\":\"ListItem\",\"position\":1,\"name\":\"Home\",\"item\":\"https:\/\/www.biogastechnology.pl\/\"},{\"@type\":\"ListItem\",\"position\":2,\"name\":\"Nawozy organiczne i polepszacze gleby\"}]},{\"@type\":\"WebSite\",\"@id\":\"https:\/\/www.biogastechnology.pl\/#website\",\"url\":\"https:\/\/www.biogastechnology.pl\/\",\"name\":\"Biogas Technology\",\"description\":\"Wsparcie dla biogazowni\",\"publisher\":{\"@id\":\"https:\/\/www.biogastechnology.pl\/#organization\"},\"potentialAction\":[{\"@type\":\"SearchAction\",\"target\":{\"@type\":\"EntryPoint\",\"urlTemplate\":\"https:\/\/www.biogastechnology.pl\/?s={search_term_string}\"},\"query-input\":{\"@type\":\"PropertyValueSpecification\",\"valueRequired\":true,\"valueName\":\"search_term_string\"}}],\"inLanguage\":\"en-GB\"},{\"@type\":\"Organization\",\"@id\":\"https:\/\/www.biogastechnology.pl\/#organization\",\"name\":\"Biogas Technology\",\"url\":\"https:\/\/www.biogastechnology.pl\/\",\"logo\":{\"@type\":\"ImageObject\",\"inLanguage\":\"en-GB\",\"@id\":\"https:\/\/www.biogastechnology.pl\/#\/schema\/logo\/image\/\",\"url\":\"https:\/\/www.biogastechnology.pl\/wp-content\/uploads\/2018\/07\/Logo3-1.jpg\",\"contentUrl\":\"https:\/\/www.biogastechnology.pl\/wp-content\/uploads\/2018\/07\/Logo3-1.jpg\",\"width\":141,\"height\":152,\"caption\":\"Biogas Technology\"},\"image\":{\"@id\":\"https:\/\/www.biogastechnology.pl\/#\/schema\/logo\/image\/\"}}]}<\/script>\n<!-- \/ Yoast SEO plugin. -->","yoast_head_json":{"title":"Nawozy organiczne i polepszacze gleby - Biogas Technology","robots":{"index":"index","follow":"follow","max-snippet":"max-snippet:-1","max-image-preview":"max-image-preview:large","max-video-preview":"max-video-preview:-1"},"canonical":"https:\/\/www.biogastechnology.pl\/en\/nawozy-organiczne-i-polepszacze-gleby\/","og_locale":"en_GB","og_type":"article","og_title":"Nawozy organiczne i polepszacze gleby - Biogas Technology","og_description":"Nawozy organiczne i polepszacze gleby Uzyskujemy pozwolenia na wprowadzanie do obrotu nawoz\u00f3w i polepszaczy glebowych, certyfikacj\u0119 nawozow\u0105 (CE) oraz pozwolenia na przetwarzanie odpad\u00f3w metod\u0105 R10 Nasze us\u0142ugi w zakresie nawoz\u00f3w organicznych i polepszaczy gleby oraz stosowania pofermentu, kompostu i osad\u00f3w \u015bciekowych Pozwolenie na wprowadzenie do obrotu pofermentu z biogazowni\/biometanowni rolniczej i komunalnej Pozwolenie na wprowadzenie...","og_url":"https:\/\/www.biogastechnology.pl\/en\/nawozy-organiczne-i-polepszacze-gleby\/","og_site_name":"Biogas Technology","article_modified_time":"2025-04-08T11:36:15+00:00","twitter_card":"summary_large_image","twitter_misc":{"Estimated reading time":"2 minutes"},"schema":{"@context":"https:\/\/schema.org","@graph":[{"@type":"WebPage","@id":"https:\/\/www.biogastechnology.pl\/nawozy-organiczne-i-polepszacze-gleby\/","url":"https:\/\/www.biogastechnology.pl\/nawozy-organiczne-i-polepszacze-gleby\/","name":"Nawozy organiczne i polepszacze gleby - Biogas Technology","isPartOf":{"@id":"https:\/\/www.biogastechnology.pl\/#website"},"datePublished":"2025-04-07T09:58:29+00:00","dateModified":"2025-04-08T11:36:15+00:00","breadcrumb":{"@id":"https:\/\/www.biogastechnology.pl\/nawozy-organiczne-i-polepszacze-gleby\/#breadcrumb"},"inLanguage":"en-GB","potentialAction":[{"@type":"ReadAction","target":["https:\/\/www.biogastechnology.pl\/nawozy-organiczne-i-polepszacze-gleby\/"]}]},{"@type":"BreadcrumbList","@id":"https:\/\/www.biogastechnology.pl\/nawozy-organiczne-i-polepszacze-gleby\/#breadcrumb","itemListElement":[{"@type":"ListItem","position":1,"name":"Home","item":"https:\/\/www.biogastechnology.pl\/"},{"@type":"ListItem","position":2,"name":"Nawozy organiczne i polepszacze gleby"}]},{"@type":"WebSite","@id":"https:\/\/www.biogastechnology.pl\/#website","url":"https:\/\/www.biogastechnology.pl\/","name":"Biogas Technology","description":"Wsparcie dla biogazowni","publisher":{"@id":"https:\/\/www.biogastechnology.pl\/#organization"},"potentialAction":[{"@type":"SearchAction","target":{"@type":"EntryPoint","urlTemplate":"https:\/\/www.biogastechnology.pl\/?s={search_term_string}"},"query-input":{"@type":"PropertyValueSpecification","valueRequired":true,"valueName":"search_term_string"}}],"inLanguage":"en-GB"},{"@type":"Organization","@id":"https:\/\/www.biogastechnology.pl\/#organization","name":"Biogas Technology","url":"https:\/\/www.biogastechnology.pl\/","logo":{"@type":"ImageObject","inLanguage":"en-GB","@id":"https:\/\/www.biogastechnology.pl\/#\/schema\/logo\/image\/","url":"https:\/\/www.biogastechnology.pl\/wp-content\/uploads\/2018\/07\/Logo3-1.jpg","contentUrl":"https:\/\/www.biogastechnology.pl\/wp-content\/uploads\/2018\/07\/Logo3-1.jpg","width":141,"height":152,"caption":"Biogas Technology"},"image":{"@id":"https:\/\/www.biogastechnology.pl\/#\/schema\/logo\/image\/"}}]}},"_links":{"self":[{"href":"https:\/\/www.biogastechnology.pl\/en\/wp-json\/wp\/v2\/pages\/1421","targetHints":{"allow":["GET"]}}],"collection":[{"href":"https:\/\/www.biogastechnology.pl\/en\/wp-json\/wp\/v2\/pages"}],"about":[{"href":"https:\/\/www.biogastechnology.pl\/en\/wp-json\/wp\/v2\/types\/page"}],"author":[{"embeddable":true,"href":"https:\/\/www.biogastechnology.pl\/en\/wp-json\/wp\/v2\/users\/1"}],"replies":[{"embeddable":true,"href":"https:\/\/www.biogastechnology.pl\/en\/wp-json\/wp\/v2\/comments?post=1421"}],"version-history":[{"count":19,"href":"https:\/\/www.biogastechnology.pl\/en\/wp-json\/wp\/v2\/pages\/1421\/revisions"}],"predecessor-version":[{"id":1551,"href":"https:\/\/www.biogastechnology.pl\/en\/wp-json\/wp\/v2\/pages\/1421\/revisions\/1551"}],"wp:attachment":[{"href":"https:\/\/www.biogastechnology.pl\/en\/wp-json\/wp\/v2\/media?parent=1421"}],"curies":[{"name":"wp","href":"https:\/\/api.w.org\/{rel}","templated":true}]}}