{"id":1387,"date":"2025-04-07T11:40:27","date_gmt":"2025-04-07T09:40:27","guid":{"rendered":"https:\/\/www.biogastechnology.pl\/?page_id=1387"},"modified":"2025-04-08T13:36:44","modified_gmt":"2025-04-08T11:36:44","slug":"wsparcie-technologiczno-administracyjne","status":"publish","type":"page","link":"https:\/\/www.biogastechnology.pl\/en\/wsparcie-technologiczno-administracyjne\/","title":{"rendered":"Technological and administrative support"},"content":{"rendered":"<div data-elementor-type=\"wp-page\" data-elementor-id=\"1387\" class=\"elementor elementor-1387\" data-elementor-post-type=\"page\">\n\t\t\t\t\t\t<section class=\"elementor-section elementor-top-section elementor-element elementor-element-3c34b5c0 elementor-section-height-min-height elementor-section-boxed elementor-section-height-default elementor-section-items-middle\" data-id=\"3c34b5c0\" data-element_type=\"section\" data-settings=\"{&quot;background_background&quot;:&quot;classic&quot;}\">\n\t\t\t\t\t\t\t<div class=\"elementor-background-overlay\"><\/div>\n\t\t\t\t\t\t\t<div class=\"elementor-container elementor-column-gap-default\">\n\t\t\t\t\t<div class=\"elementor-column elementor-col-100 elementor-top-column elementor-element elementor-element-7d363c5a\" data-id=\"7d363c5a\" data-element_type=\"column\">\n\t\t\t<div class=\"elementor-widget-wrap elementor-element-populated\">\n\t\t\t\t\t\t<div class=\"elementor-element elementor-element-542cd9ed elementor-widget elementor-widget-breadcrumbs\" data-id=\"542cd9ed\" data-element_type=\"widget\" data-widget_type=\"breadcrumbs.default\">\n\t\t\t\t<div class=\"elementor-widget-container\">\n\t\t\t\t\t<nav id=\"breadcrumbs\"><span><span><a href=\"https:\/\/www.biogastechnology.pl\/en\/\">Home<\/a><\/span><\/span><\/nav>\t\t\t\t<\/div>\n\t\t\t\t<\/div>\n\t\t\t\t<div class=\"elementor-element elementor-element-3aac6ba7 elementor-widget elementor-widget-heading\" data-id=\"3aac6ba7\" data-element_type=\"widget\" data-widget_type=\"heading.default\">\n\t\t\t\t<div class=\"elementor-widget-container\">\n\t\t\t\t\t<h2 class=\"elementor-heading-title elementor-size-default\">Technological and administrative support\n\n<\/h2>\t\t\t\t<\/div>\n\t\t\t\t<\/div>\n\t\t\t\t<div class=\"elementor-element elementor-element-24d4c477 elementor-widget-divider--view-line elementor-widget elementor-widget-divider\" data-id=\"24d4c477\" data-element_type=\"widget\" data-widget_type=\"divider.default\">\n\t\t\t\t<div class=\"elementor-widget-container\">\n\t\t\t\t\t\t\t<div class=\"elementor-divider\">\n\t\t\t<span class=\"elementor-divider-separator\">\n\t\t\t\t\t\t<\/span>\n\t\t<\/div>\n\t\t\t\t\t\t<\/div>\n\t\t\t\t<\/div>\n\t\t\t\t<div class=\"elementor-element elementor-element-5881b237 elementor-widget elementor-widget-text-editor\" data-id=\"5881b237\" data-element_type=\"widget\" data-widget_type=\"text-editor.default\">\n\t\t\t\t<div class=\"elementor-widget-container\">\n\t\t\t\t\t\t\t\t\t<p>We offer technological support for biogas and composting plants, including raw material optimization, comprehensive technical and environmental consulting, and biotechnological and administrative supervision of installations.<\/p>\t\t\t\t\t\t\t\t<\/div>\n\t\t\t\t<\/div>\n\t\t\t\t\t<\/div>\n\t\t<\/div>\n\t\t\t\t\t<\/div>\n\t\t<\/section>\n\t\t\t\t<section class=\"elementor-section elementor-top-section elementor-element elementor-element-45d19c76 elementor-section-height-min-height elementor-section-boxed elementor-section-height-default elementor-section-items-middle\" data-id=\"45d19c76\" data-element_type=\"section\" data-settings=\"{&quot;background_background&quot;:&quot;classic&quot;}\">\n\t\t\t\t\t\t\t<div class=\"elementor-background-overlay\"><\/div>\n\t\t\t\t\t\t\t<div class=\"elementor-container elementor-column-gap-default\">\n\t\t\t\t\t<div class=\"elementor-column elementor-col-50 elementor-top-column elementor-element elementor-element-31b5baa5\" data-id=\"31b5baa5\" data-element_type=\"column\">\n\t\t\t<div class=\"elementor-widget-wrap elementor-element-populated\">\n\t\t\t\t\t\t<div class=\"elementor-element elementor-element-4303b396 elementor-widget elementor-widget-text-editor\" data-id=\"4303b396\" data-element_type=\"widget\" data-widget_type=\"text-editor.default\">\n\t\t\t\t<div class=\"elementor-widget-container\">\n\t\t\t\t\t\t\t\t\t<p>As part of our technological and administrative support, we offer:<\/p><ul><li aria-level=\"1\">Technological and environmental audits<\/li><li aria-level=\"1\">Biotechnological supervision of biogas plants<\/li><li aria-level=\"1\">Technological and administrative optimization<\/li><li aria-level=\"1\">Environmental protection reporting (BDO, KPO, KEO, KOBIZE)<\/li><li aria-level=\"1\">Cost optimization of the substrates used<\/li><li aria-level=\"1\">Reporting to KOWR and URE<\/li><\/ul>\t\t\t\t\t\t\t\t<\/div>\n\t\t\t\t<\/div>\n\t\t\t\t\t<\/div>\n\t\t<\/div>\n\t\t\t\t<div class=\"elementor-column elementor-col-50 elementor-top-column elementor-element elementor-element-1dc40962\" data-id=\"1dc40962\" data-element_type=\"column\">\n\t\t\t<div class=\"elementor-widget-wrap\">\n\t\t\t\t\t\t\t<\/div>\n\t\t<\/div>\n\t\t\t\t\t<\/div>\n\t\t<\/section>\n\t\t\t\t<\/div>","protected":false},"excerpt":{"rendered":"<p>Wsparcie technologiczno-administracyjne Oferujemy wsparcie technologiczne biogazowni i kompostowni obejmuj\u0105ce optymalizacj\u0119 surowcow\u0105, kompleksowe doradztwo techniczne i \u015brodowiskowe oraz nadz\u00f3r biotechnologiczny i administracyjny instalacji W ramach naszego wsparcia technologiczno-administracyjnego oferujemy: Audyty technologiczne i \u015brodowiskowe Nadz\u00f3r biotechnologiczny biogazowni Optymalizacje technologiczn\u0105 oraz administracyjn\u0105 Sprawozdawczo\u015b\u0107 w zakresie ochrony \u015brodowiska (BDO, KPO, KEO, KOBIZE) Optymalizacj\u0119 kosztow\u0105 wykorzystywanych substrat\u00f3w Sprawozdawczo\u015b\u0107 do KOWR&#8230;<\/p>","protected":false},"author":1,"featured_media":0,"parent":0,"menu_order":0,"comment_status":"closed","ping_status":"closed","template":"","meta":{"_acf_changed":false,"_kad_post_transparent":"default","_kad_post_title":"hide","_kad_post_layout":"fullwidth","_kad_post_sidebar_id":"","_kad_post_content_style":"unboxed","_kad_post_vertical_padding":"hide","_kad_post_feature":"hide","_kad_post_feature_position":"","_kad_post_header":false,"_kad_post_footer":false,"footnotes":""},"class_list":["post-1387","page","type-page","status-publish","hentry"],"acf":[],"yoast_head":"<!-- This site is optimized with the Yoast SEO plugin v25.3.1 - https:\/\/yoast.com\/wordpress\/plugins\/seo\/ -->\n<title>Wsparcie technologiczno-administracyjne - Biogas Technology<\/title>\n<meta name=\"robots\" content=\"index, follow, max-snippet:-1, max-image-preview:large, max-video-preview:-1\" \/>\n<link rel=\"canonical\" href=\"https:\/\/www.biogastechnology.pl\/en\/wsparcie-technologiczno-administracyjne\/\" \/>\n<meta property=\"og:locale\" content=\"en_GB\" \/>\n<meta property=\"og:type\" content=\"article\" \/>\n<meta property=\"og:title\" content=\"Wsparcie technologiczno-administracyjne - Biogas Technology\" \/>\n<meta property=\"og:description\" content=\"Wsparcie technologiczno-administracyjne Oferujemy wsparcie technologiczne biogazowni i kompostowni obejmuj\u0105ce optymalizacj\u0119 surowcow\u0105, kompleksowe doradztwo techniczne i \u015brodowiskowe oraz nadz\u00f3r biotechnologiczny i administracyjny instalacji W ramach naszego wsparcia technologiczno-administracyjnego oferujemy: Audyty technologiczne i \u015brodowiskowe Nadz\u00f3r biotechnologiczny biogazowni Optymalizacje technologiczn\u0105 oraz administracyjn\u0105 Sprawozdawczo\u015b\u0107 w zakresie ochrony \u015brodowiska (BDO, KPO, KEO, KOBIZE) Optymalizacj\u0119 kosztow\u0105 wykorzystywanych substrat\u00f3w Sprawozdawczo\u015b\u0107 do KOWR...\" \/>\n<meta property=\"og:url\" content=\"https:\/\/www.biogastechnology.pl\/en\/wsparcie-technologiczno-administracyjne\/\" \/>\n<meta property=\"og:site_name\" content=\"Biogas Technology\" \/>\n<meta property=\"article:modified_time\" content=\"2025-04-08T11:36:44+00:00\" \/>\n<meta name=\"twitter:card\" content=\"summary_large_image\" \/>\n<script type=\"application\/ld+json\" class=\"yoast-schema-graph\">{\"@context\":\"https:\/\/schema.org\",\"@graph\":[{\"@type\":\"WebPage\",\"@id\":\"https:\/\/www.biogastechnology.pl\/wsparcie-technologiczno-administracyjne\/\",\"url\":\"https:\/\/www.biogastechnology.pl\/wsparcie-technologiczno-administracyjne\/\",\"name\":\"Wsparcie technologiczno-administracyjne - Biogas Technology\",\"isPartOf\":{\"@id\":\"https:\/\/www.biogastechnology.pl\/#website\"},\"datePublished\":\"2025-04-07T09:40:27+00:00\",\"dateModified\":\"2025-04-08T11:36:44+00:00\",\"breadcrumb\":{\"@id\":\"https:\/\/www.biogastechnology.pl\/wsparcie-technologiczno-administracyjne\/#breadcrumb\"},\"inLanguage\":\"en-GB\",\"potentialAction\":[{\"@type\":\"ReadAction\",\"target\":[\"https:\/\/www.biogastechnology.pl\/wsparcie-technologiczno-administracyjne\/\"]}]},{\"@type\":\"BreadcrumbList\",\"@id\":\"https:\/\/www.biogastechnology.pl\/wsparcie-technologiczno-administracyjne\/#breadcrumb\",\"itemListElement\":[{\"@type\":\"ListItem\",\"position\":1,\"name\":\"Home\",\"item\":\"https:\/\/www.biogastechnology.pl\/\"},{\"@type\":\"ListItem\",\"position\":2,\"name\":\"Wsparcie technologiczno-administracyjne\"}]},{\"@type\":\"WebSite\",\"@id\":\"https:\/\/www.biogastechnology.pl\/#website\",\"url\":\"https:\/\/www.biogastechnology.pl\/\",\"name\":\"Biogas Technology\",\"description\":\"Wsparcie dla biogazowni\",\"publisher\":{\"@id\":\"https:\/\/www.biogastechnology.pl\/#organization\"},\"potentialAction\":[{\"@type\":\"SearchAction\",\"target\":{\"@type\":\"EntryPoint\",\"urlTemplate\":\"https:\/\/www.biogastechnology.pl\/?s={search_term_string}\"},\"query-input\":{\"@type\":\"PropertyValueSpecification\",\"valueRequired\":true,\"valueName\":\"search_term_string\"}}],\"inLanguage\":\"en-GB\"},{\"@type\":\"Organization\",\"@id\":\"https:\/\/www.biogastechnology.pl\/#organization\",\"name\":\"Biogas Technology\",\"url\":\"https:\/\/www.biogastechnology.pl\/\",\"logo\":{\"@type\":\"ImageObject\",\"inLanguage\":\"en-GB\",\"@id\":\"https:\/\/www.biogastechnology.pl\/#\/schema\/logo\/image\/\",\"url\":\"https:\/\/www.biogastechnology.pl\/wp-content\/uploads\/2018\/07\/Logo3-1.jpg\",\"contentUrl\":\"https:\/\/www.biogastechnology.pl\/wp-content\/uploads\/2018\/07\/Logo3-1.jpg\",\"width\":141,\"height\":152,\"caption\":\"Biogas Technology\"},\"image\":{\"@id\":\"https:\/\/www.biogastechnology.pl\/#\/schema\/logo\/image\/\"}}]}<\/script>\n<!-- \/ Yoast SEO plugin. -->","yoast_head_json":{"title":"Wsparcie technologiczno-administracyjne - Biogas Technology","robots":{"index":"index","follow":"follow","max-snippet":"max-snippet:-1","max-image-preview":"max-image-preview:large","max-video-preview":"max-video-preview:-1"},"canonical":"https:\/\/www.biogastechnology.pl\/en\/wsparcie-technologiczno-administracyjne\/","og_locale":"en_GB","og_type":"article","og_title":"Wsparcie technologiczno-administracyjne - Biogas Technology","og_description":"Wsparcie technologiczno-administracyjne Oferujemy wsparcie technologiczne biogazowni i kompostowni obejmuj\u0105ce optymalizacj\u0119 surowcow\u0105, kompleksowe doradztwo techniczne i \u015brodowiskowe oraz nadz\u00f3r biotechnologiczny i administracyjny instalacji W ramach naszego wsparcia technologiczno-administracyjnego oferujemy: Audyty technologiczne i \u015brodowiskowe Nadz\u00f3r biotechnologiczny biogazowni Optymalizacje technologiczn\u0105 oraz administracyjn\u0105 Sprawozdawczo\u015b\u0107 w zakresie ochrony \u015brodowiska (BDO, KPO, KEO, KOBIZE) Optymalizacj\u0119 kosztow\u0105 wykorzystywanych substrat\u00f3w Sprawozdawczo\u015b\u0107 do KOWR...","og_url":"https:\/\/www.biogastechnology.pl\/en\/wsparcie-technologiczno-administracyjne\/","og_site_name":"Biogas Technology","article_modified_time":"2025-04-08T11:36:44+00:00","twitter_card":"summary_large_image","schema":{"@context":"https:\/\/schema.org","@graph":[{"@type":"WebPage","@id":"https:\/\/www.biogastechnology.pl\/wsparcie-technologiczno-administracyjne\/","url":"https:\/\/www.biogastechnology.pl\/wsparcie-technologiczno-administracyjne\/","name":"Wsparcie technologiczno-administracyjne - Biogas Technology","isPartOf":{"@id":"https:\/\/www.biogastechnology.pl\/#website"},"datePublished":"2025-04-07T09:40:27+00:00","dateModified":"2025-04-08T11:36:44+00:00","breadcrumb":{"@id":"https:\/\/www.biogastechnology.pl\/wsparcie-technologiczno-administracyjne\/#breadcrumb"},"inLanguage":"en-GB","potentialAction":[{"@type":"ReadAction","target":["https:\/\/www.biogastechnology.pl\/wsparcie-technologiczno-administracyjne\/"]}]},{"@type":"BreadcrumbList","@id":"https:\/\/www.biogastechnology.pl\/wsparcie-technologiczno-administracyjne\/#breadcrumb","itemListElement":[{"@type":"ListItem","position":1,"name":"Home","item":"https:\/\/www.biogastechnology.pl\/"},{"@type":"ListItem","position":2,"name":"Wsparcie technologiczno-administracyjne"}]},{"@type":"WebSite","@id":"https:\/\/www.biogastechnology.pl\/#website","url":"https:\/\/www.biogastechnology.pl\/","name":"Biogas Technology","description":"Wsparcie dla biogazowni","publisher":{"@id":"https:\/\/www.biogastechnology.pl\/#organization"},"potentialAction":[{"@type":"SearchAction","target":{"@type":"EntryPoint","urlTemplate":"https:\/\/www.biogastechnology.pl\/?s={search_term_string}"},"query-input":{"@type":"PropertyValueSpecification","valueRequired":true,"valueName":"search_term_string"}}],"inLanguage":"en-GB"},{"@type":"Organization","@id":"https:\/\/www.biogastechnology.pl\/#organization","name":"Biogas Technology","url":"https:\/\/www.biogastechnology.pl\/","logo":{"@type":"ImageObject","inLanguage":"en-GB","@id":"https:\/\/www.biogastechnology.pl\/#\/schema\/logo\/image\/","url":"https:\/\/www.biogastechnology.pl\/wp-content\/uploads\/2018\/07\/Logo3-1.jpg","contentUrl":"https:\/\/www.biogastechnology.pl\/wp-content\/uploads\/2018\/07\/Logo3-1.jpg","width":141,"height":152,"caption":"Biogas Technology"},"image":{"@id":"https:\/\/www.biogastechnology.pl\/#\/schema\/logo\/image\/"}}]}},"_links":{"self":[{"href":"https:\/\/www.biogastechnology.pl\/en\/wp-json\/wp\/v2\/pages\/1387","targetHints":{"allow":["GET"]}}],"collection":[{"href":"https:\/\/www.biogastechnology.pl\/en\/wp-json\/wp\/v2\/pages"}],"about":[{"href":"https:\/\/www.biogastechnology.pl\/en\/wp-json\/wp\/v2\/types\/page"}],"author":[{"embeddable":true,"href":"https:\/\/www.biogastechnology.pl\/en\/wp-json\/wp\/v2\/users\/1"}],"replies":[{"embeddable":true,"href":"https:\/\/www.biogastechnology.pl\/en\/wp-json\/wp\/v2\/comments?post=1387"}],"version-history":[{"count":16,"href":"https:\/\/www.biogastechnology.pl\/en\/wp-json\/wp\/v2\/pages\/1387\/revisions"}],"predecessor-version":[{"id":1557,"href":"https:\/\/www.biogastechnology.pl\/en\/wp-json\/wp\/v2\/pages\/1387\/revisions\/1557"}],"wp:attachment":[{"href":"https:\/\/www.biogastechnology.pl\/en\/wp-json\/wp\/v2\/media?parent=1387"}],"curies":[{"name":"wp","href":"https:\/\/api.w.org\/{rel}","templated":true}]}}